{"id":2410,"date":"2023-02-08T11:10:11","date_gmt":"2023-02-08T11:10:11","guid":{"rendered":"https:\/\/laterrassadecampins.com\/aviso-legal\/"},"modified":"2023-02-27T10:03:10","modified_gmt":"2023-02-27T10:03:10","slug":"aviso-legal","status":"publish","type":"page","link":"https:\/\/laterrassadecampins.com\/ca\/aviso-legal\/","title":{"rendered":"Av\u00eds Legal"},"content":{"rendered":"\t\t<div data-elementor-type=\"wp-page\" data-elementor-id=\"2410\" class=\"elementor elementor-2410 elementor-442\" data-elementor-post-type=\"page\">\n\t\t\t\t\t\t<section class=\"elementor-section elementor-top-section elementor-element elementor-element-2d1d537 elementor-section-boxed elementor-section-height-default elementor-section-height-default\" data-id=\"2d1d537\" data-element_type=\"section\" data-e-type=\"section\">\n\t\t\t\t\t\t<div class=\"elementor-container elementor-column-gap-default\">\n\t\t\t\t\t<div class=\"elementor-column elementor-col-100 elementor-top-column elementor-element elementor-element-475a175\" data-id=\"475a175\" data-element_type=\"column\" data-e-type=\"column\">\n\t\t\t<div class=\"elementor-widget-wrap elementor-element-populated\">\n\t\t\t\t\t\t<div class=\"elementor-element elementor-element-a6cef23 elementor-widget elementor-widget-heading\" data-id=\"a6cef23\" data-element_type=\"widget\" data-e-type=\"widget\" data-widget_type=\"heading.default\">\n\t\t\t\t<div class=\"elementor-widget-container\">\n\t\t\t\t\t<h1 class=\"elementor-heading-title elementor-size-default\">Av\u00eds Legal<\/h1>\t\t\t\t<\/div>\n\t\t\t\t<\/div>\n\t\t\t\t\t<\/div>\n\t\t<\/div>\n\t\t\t\t\t<\/div>\n\t\t<\/section>\n\t\t\t\t<section class=\"elementor-section elementor-top-section elementor-element elementor-element-48d0efb2 elementor-section-boxed elementor-section-height-default elementor-section-height-default\" data-id=\"48d0efb2\" data-element_type=\"section\" data-e-type=\"section\">\n\t\t\t\t\t\t<div class=\"elementor-container elementor-column-gap-default\">\n\t\t\t\t\t<div class=\"elementor-column elementor-col-100 elementor-top-column elementor-element elementor-element-6627e5f6\" data-id=\"6627e5f6\" data-element_type=\"column\" data-e-type=\"column\">\n\t\t\t<div class=\"elementor-widget-wrap elementor-element-populated\">\n\t\t\t\t\t\t<div class=\"elementor-element elementor-element-5bafbd3c elementor-widget elementor-widget-text-editor\" data-id=\"5bafbd3c\" data-element_type=\"widget\" data-e-type=\"widget\" data-widget_type=\"text-editor.default\">\n\t\t\t\t<div class=\"elementor-widget-container\">\n\t\t\t\t\t\t\t\t\t\n<p>En aquest Av\u00eds Legal, l&#8217;Usuari, podr\u00e0 trobar tota la informaci\u00f3 relativa a les condicions legals que defineixen les relacions entre els usuaris i el responsable de la p\u00e0gina web accessible a l&#8217;adre\u00e7a URL http:\/\/www.laterrassadecampins.es\/ (en endavant, el Lloc Web), que LA TERRASSA DE CAMPINS SL posa a la disposici\u00f3 dels usuaris d&#8217;Internet.<\/p>\n<p>La utilitzaci\u00f3 del lloc web implica l&#8217;acceptaci\u00f3 plena i sense reserves de totes i cadascuna de les disposicions incloses en aquest Av\u00eds Legal. En conseq\u00fc\u00e8ncia, l&#8217;usuari del lloc web ha de llegir atentament aquest Av\u00eds Legal en cadascuna de les ocasions en qu\u00e8 es proposi utilitzar el web, ja que el text podria patir modificacions a criteri del titular del web, oa causa d&#8217;un canvi legislatiu , jurisprudencial oa la pr\u00e0ctica empresarial.<\/p>\n<h6>1.- DADES DEL RESPONSABLE TITULAR DEL LLOC WEB<\/h6>\n<p>Nom del titular: LA TERRASSA DE CAMPINS SL<\/p>\n<p>Domicili social: Ctra. de Sant Celoni a Santa Fe, km. 5,3, 08472, Campins, Barcelona<\/p>\n<p>C.I.F.: B61833091<\/p>\n<p>Tel\u00e8fon de contacte: 938475329<\/p>\n<p>Correu electr\u00f2nic: laterrassadecampins@yahoo.es<\/p>\n<p>LA TERRASSA DE CAMPINS SL \u00e9s el responsable del Lloc Web i es compromet a complir tots els requisits nacionals i europeus que regulen l&#8217;\u00fas de les dades personals dels usuaris.<\/p>\n<p>LA TERRASSA DE CAMPINS SL \u00e9s el responsable del Lloc Web i es compromet a complir tots els requisits nacionals i europeus que regulen l&#8217;\u00fas de les dades personals dels usuaris. Aquest Lloc Web garanteix la protecci\u00f3 i confidencialitat de les dades personals que ens proporcionin d&#8217;acord amb el que disposa el Reglament General de Protecci\u00f3 de Dades de Car\u00e0cter Personal (UE) 2016\/679 del Parlament Europeu i del Consell, de 27 d&#8217;abril de 2016, a la Llei Org\u00e0nica 3\/2018, de Protecci\u00f3 de Dades Personals i garantia dels drets digitals, aix\u00ed com a la Llei de Serveis de la Societat de la Informaci\u00f3 i Comer\u00e7 Electr\u00f2nic 34\/2002 d&#8217;11 de Juliol (LSSI-CE).<\/p>\n<h6>2.- OBJECTE<\/h6>\n<p>El Lloc Web facilita als usuaris del mateix l&#8217;acc\u00e9s a informaci\u00f3 i serveis prestats per LA TERRASSA DE CAMPINS SL a aquelles persones o organitzacions interessades en aquests.<\/p>\n<p>L&#8217;acc\u00e9s i la utilitzaci\u00f3 del Lloc Web atribueix la condici\u00f3 d&#8217;usuari del Lloc Web (d&#8217;ara endavant, \u201cl&#8217;Usuari\u201d) i implica l&#8217;acceptaci\u00f3 de totes les condicions incloses en aquest Av\u00eds Legal aix\u00ed com de les seves modificacions. La prestaci\u00f3 del servei del Lloc Web t\u00e9 una durada limitada al moment en qu\u00e8 l&#8217;Usuari estigui connectat al Lloc Web oa algun dels serveis que a trav\u00e9s del mateix es faciliten. Per tant, l&#8217;Usuari ha de llegir atentament aquest Av\u00eds Legal en cadascuna de les ocasions en qu\u00e8 es proposi utilitzar el Lloc Web, ja que aquest i les seves condicions d&#8217;\u00fas recollides al present Av\u00eds Legal poden patir modificacions.<\/p>\n<h6>3.- ACC\u00c9S I UTILITZACI\u00d3 DEL WEB<\/h6>\n<p>3.1.- Car\u00e0cter gratu\u00eft de l&#8217;acc\u00e9s i la utilitzaci\u00f3 de la web. L&#8217;acc\u00e9s a la web t\u00e9 car\u00e0cter gratu\u00eft per als usuaris de la mateixa, llevat del cost de la connexi\u00f3 a trav\u00e9s de la xarxa de telecomunicacions subministrada pel prove\u00efdor d&#8217;acc\u00e9s contractat pels usuaris.<\/p>\n<p>3.2.- Registre dusuaris. Amb car\u00e0cter general l&#8217;acc\u00e9s i la utilitzaci\u00f3 de la web no exigeix la pr\u00e8via subscripci\u00f3 o registre dels usuaris de la web.<\/p>\n<p>3.3.- Els usuaris garanteixen i responen, en qualsevol cas, de l&#8217;exactitud, vig\u00e8ncia i autenticitat de les dades personals facilitades, i es comprometen a mantenir-les degudament actualitzades. L&#8217;usuari accepta proporcionar informaci\u00f3 completa i correcta al formulari de contacte o subscripci\u00f3.<\/p>\n<p>En el cas dels menors de catorze anys es requereix el consentiment dels pares o tutors per al tractament de les dades personals.<\/p>\n<p>En cap cas no es demanaran del menor d&#8217;edat dades relatives a la situaci\u00f3 professional, econ\u00f2mica oa la intimitat dels altres membres de la fam\u00edlia, sense el seu consentiment. Si ets menor de catorze anys i has accedit a aquest lloc web sense avisar els teus pares no t&#8217;has de registrar com a usuari.<\/p>\n<p>En aquesta web es respecten i cuiden les dades personals dels usuaris. Com a usuari has de saber que els teus drets estan garantits.<\/p>\n<h6>4.- CONTINGUTS DE LA WEB<\/h6>\n<p>L&#8217;idioma utilitzat pel titular a la web ser\u00e0 el castell\u00e0. LA TERRASSA DE CAMPINS SL no es responsabilitza de la no comprensi\u00f3 o entesa de l&#8217;idioma de la web per l&#8217;usuari, ni de les conseq\u00fc\u00e8ncies.<\/p>\n<p>LA TERRASSA DE CAMPINS SL podr\u00e0 modificar els continguts sense previ av\u00eds, aix\u00ed com suprimir i canviar aquests dins de la web, com la forma en qu\u00e8 s&#8217;accedeix a aquests, sense cap justificaci\u00f3 i lliurement, no responsabilitzant-se de les conseq\u00fc\u00e8ncies que aquests puguin ocasionar als usuaris.<\/p>\n<p>Es prohibeix l\u00fas dels continguts de la web per promocionar, contractar o divulgar publicitat o informaci\u00f3 pr\u00f2pia o de terceres persones sense lautoritzaci\u00f3 de LA TERRASSA DE CAMPINS SL, ni remetre publicitat o informaci\u00f3 valent-se per aix\u00f2 dels serveis o informaci\u00f3 que es posen a disposici\u00f3 dels usuaris, independentment de si la utilitzaci\u00f3 \u00e9s gratu\u00efta o no.<\/p>\n<p>Els enlla\u00e7os o hiperenlla\u00e7os que incorporin tercers a les seves p\u00e0gines web, dirigits a aquesta web, seran per a l&#8217;obertura de la p\u00e0gina web completa, no podent manifestar, directament o indirectament, indicacions falses, inexactes o confuses, ni inc\u00f3rrer en accions deslleials o il\u00b7l\u00edcites en contra aquell.<\/p>\n<h6>5.- MESURES DE SEGURETAT<\/h6>\n<p>Les dades personals comunicades per l&#8217;usuari podran ser emmagatzemades en bases de dades automatitzades o no, la titularitat de les quals correspon en exclusiva a LA TERRASSA DE CAMPINS SL, assumint totes les mesures d&#8217;\u00edndole t\u00e8cnica, organitzativa i de seguretat que garanteixin la confidencialitat, integritat i qualitat de la informaci\u00f3 continguda en aquestes dacord amb el que estableixen les normatives vigents en mat\u00e8ria de protecci\u00f3 de dades de car\u00e0cter personal.<\/p>\n<h6>6.- LIMITACI\u00d3 DE RESPONSABILITAT<\/h6>\n<p>Tant l&#8217;acc\u00e9s a la web com l&#8217;\u00fas no consentit que es pugui efectuar de la informaci\u00f3 que cont\u00e9 \u00e9s de l&#8217;exclusiva responsabilitat de qui el realitza. LA TERRASSA DE CAMPINS SL no respondr\u00e0 de cap conseq\u00fc\u00e8ncia, dany o perjudici que poguessin derivar-se del dit acc\u00e9s o \u00fas. Tampoc no es fa responsable dels errors de seguretat, que es puguin produir ni dels danys que puguin causar-se al sistema inform\u00e0tic de l&#8217;usuari (hardware i software), o als fitxers o documents emmagatzemats en aquest, com a conseq\u00fc\u00e8ncia de:<\/p>\n<p>&#8211; la pres\u00e8ncia d&#8217;un virus a l&#8217;ordinador de l&#8217;usuari que sigui utilitzat per a la connexi\u00f3 als serveis i continguts de la web.<\/p>\n<p>&#8211; un mal funcionament del navegador.<\/p>\n<p>&#8211; i\/o de l&#8217;\u00fas de versions no actualitzades.<\/p>\n<p>LA TERRASSA DE CAMPINS SL no es fa responsable de la fiabilitat i rapidesa dels hiperenlla\u00e7os que s&#8217;incorporin a la web per a l&#8217;obertura d&#8217;altres. Tampoc no garanteix la utilitat d&#8217;aquests enlla\u00e7os, ni es responsabilitza dels continguts o serveis als quals pugui accedir l&#8217;usuari per mitj\u00e0 d&#8217;aquests enlla\u00e7os, ni del bon funcionament d&#8217;aquestes webs.<\/p>\n<p>LA TERRASSA DE CAMPINS SL no ser\u00e0 responsable dels virus o altres programes inform\u00e0tics que deteriorin o puguin deteriorar els sistemes o equips inform\u00e0tics dels usuaris en accedir a la seva web o altres webs a qu\u00e8 s&#8217;hagi accedit mitjan\u00e7ant enlla\u00e7os d&#8217;aquest web.<\/p>\n<h6>7.- OCUPACI\u00d3 DE LA TECNOLOGIA \u201cCOOKIE\u201d<\/h6>\n<p>El Lloc Web pot emprar cookies o tecnologies similars que es regiran per all\u00f2 establert a la Pol\u00edtica de Cookies, accessible en tot moment i respectant la confidencialitat i intimitat de l&#8217;usuari, sent part integrant del present Av\u00eds Legal.<\/p>\n<h6>8.- NAVEGACI\u00d3<\/h6>\n<p>Els servidors dInternet poden recollir dades no identificables, que puguin incloure, adreces IP, i altres dades que no poden ser utilitzades per identificar lusuari. La vostra adre\u00e7a IP s&#8217;emmagatzemar\u00e0 als logs d&#8217;acc\u00e9s de forma autom\u00e0tica i amb l&#8217;\u00fanica finalitat de permetre el tr\u00e0nsit per Internet, i \u00e9s necessari que el vostre equip faciliti aquesta adre\u00e7a IP quan navega per Internet perqu\u00e8 les comunicacions es puguin fer. Aix\u00ed mateix, l&#8217;adre\u00e7a IP podr\u00e0 ser utilitzada per realitzar estad\u00edstiques, de manera anonimitzada, sobre el nombre de visitants d&#8217;aquesta web i la seva proced\u00e8ncia, de manera totalment transparent a la navegaci\u00f3.<\/p>\n<h6>10.- LEGISLACI\u00d3 APLICABLE I JURISDICCI\u00d3 COMPETENT<\/h6>\n<p>Aquest Av\u00eds Legal s&#8217;interpretar\u00e0 i es regir\u00e0 de conformitat amb la legislaci\u00f3 espanyola. LA TERRASSA DE CAMPINS SL i els usuaris, amb ren\u00fancia expressa a qualsevol altre fur que els pogu\u00e9s correspondre, se sotmeten al dels jutjats i tribunals del domicili de l&#8217;usuari per a qualsevol controv\u00e8rsia que pogu\u00e9s derivar-se de l&#8217;acc\u00e9s o \u00fas del web. En cas que l&#8217;usuari tingui el domicili fora d&#8217;Espanya, LA TERRASSA DE CAMPINS SL i l&#8217;usuari, se sotmeten, amb ren\u00fancia expressa a qualsevol altre fur, als jutjats i tribunals de la ciutat de Barcelona.<\/p>\n\t\t\t\t\t\t\t\t<\/div>\n\t\t\t\t<\/div>\n\t\t\t\t\t<\/div>\n\t\t<\/div>\n\t\t\t\t\t<\/div>\n\t\t<\/section>\n\t\t\t\t<\/div>\n\t\t","protected":false},"excerpt":{"rendered":"<p>Av\u00eds Legal En aquest Av\u00eds Legal, l&#8217;Usuari, podr\u00e0 trobar tota la informaci\u00f3 relativa a les condicions legals que defineixen les relacions entre els usuaris i el responsable de la p\u00e0gina web accessible a l&#8217;adre\u00e7a URL http:\/\/www.laterrassadecampins.es\/ (en endavant, el Lloc Web), que LA TERRASSA DE CAMPINS SL posa a la disposici\u00f3 dels usuaris d&#8217;Internet. La [&hellip;]<\/p>\n","protected":false},"author":2,"featured_media":0,"parent":0,"menu_order":0,"comment_status":"closed","ping_status":"open","template":"elementor_header_footer","meta":{"footnotes":""},"class_list":["post-2410","page","type-page","status-publish","hentry"],"_links":{"self":[{"href":"https:\/\/laterrassadecampins.com\/ca\/wp-json\/wp\/v2\/pages\/2410","targetHints":{"allow":["GET"]}}],"collection":[{"href":"https:\/\/laterrassadecampins.com\/ca\/wp-json\/wp\/v2\/pages"}],"about":[{"href":"https:\/\/laterrassadecampins.com\/ca\/wp-json\/wp\/v2\/types\/page"}],"author":[{"embeddable":true,"href":"https:\/\/laterrassadecampins.com\/ca\/wp-json\/wp\/v2\/users\/2"}],"replies":[{"embeddable":true,"href":"https:\/\/laterrassadecampins.com\/ca\/wp-json\/wp\/v2\/comments?post=2410"}],"version-history":[{"count":4,"href":"https:\/\/laterrassadecampins.com\/ca\/wp-json\/wp\/v2\/pages\/2410\/revisions"}],"predecessor-version":[{"id":2414,"href":"https:\/\/laterrassadecampins.com\/ca\/wp-json\/wp\/v2\/pages\/2410\/revisions\/2414"}],"wp:attachment":[{"href":"https:\/\/laterrassadecampins.com\/ca\/wp-json\/wp\/v2\/media?parent=2410"}],"curies":[{"name":"wp","href":"https:\/\/api.w.org\/{rel}","templated":true}]}}