{"id":2415,"date":"2023-02-06T16:53:08","date_gmt":"2023-02-06T16:53:08","guid":{"rendered":"https:\/\/laterrassadecampins.com\/politica-privacidad\/"},"modified":"2023-02-27T10:24:00","modified_gmt":"2023-02-27T10:24:00","slug":"politica-privacidad","status":"publish","type":"page","link":"https:\/\/laterrassadecampins.com\/ca\/politica-privacidad\/","title":{"rendered":"Pol\u00edtica de privadesa"},"content":{"rendered":"\t\t<div data-elementor-type=\"wp-page\" data-elementor-id=\"2415\" class=\"elementor elementor-2415 elementor-3\" data-elementor-post-type=\"page\">\n\t\t\t\t\t\t<section class=\"elementor-section elementor-top-section elementor-element elementor-element-71e9e81 elementor-section-boxed elementor-section-height-default elementor-section-height-default\" data-id=\"71e9e81\" data-element_type=\"section\" data-e-type=\"section\">\n\t\t\t\t\t\t<div class=\"elementor-container elementor-column-gap-default\">\n\t\t\t\t\t<div class=\"elementor-column elementor-col-100 elementor-top-column elementor-element elementor-element-1a5ec14\" data-id=\"1a5ec14\" data-element_type=\"column\" data-e-type=\"column\">\n\t\t\t<div class=\"elementor-widget-wrap elementor-element-populated\">\n\t\t\t\t\t\t<div class=\"elementor-element elementor-element-6f71c7d elementor-widget elementor-widget-heading\" data-id=\"6f71c7d\" data-element_type=\"widget\" data-e-type=\"widget\" data-widget_type=\"heading.default\">\n\t\t\t\t<div class=\"elementor-widget-container\">\n\t\t\t\t\t<h1 class=\"elementor-heading-title elementor-size-default\">Pol\u00edtica de privadesa<\/h1>\t\t\t\t<\/div>\n\t\t\t\t<\/div>\n\t\t\t\t\t<\/div>\n\t\t<\/div>\n\t\t\t\t\t<\/div>\n\t\t<\/section>\n\t\t\t\t<section class=\"elementor-section elementor-top-section elementor-element elementor-element-711d04b0 elementor-section-boxed elementor-section-height-default elementor-section-height-default\" data-id=\"711d04b0\" data-element_type=\"section\" data-e-type=\"section\">\n\t\t\t\t\t\t<div class=\"elementor-container elementor-column-gap-default\">\n\t\t\t\t\t<div class=\"elementor-column elementor-col-100 elementor-top-column elementor-element elementor-element-359f013f\" data-id=\"359f013f\" data-element_type=\"column\" data-e-type=\"column\">\n\t\t\t<div class=\"elementor-widget-wrap elementor-element-populated\">\n\t\t\t\t\t\t<div class=\"elementor-element elementor-element-3319b1f7 elementor-widget elementor-widget-text-editor\" data-id=\"3319b1f7\" data-element_type=\"widget\" data-e-type=\"widget\" data-widget_type=\"text-editor.default\">\n\t\t\t\t<div class=\"elementor-widget-container\">\n\t\t\t\t\t\t\t\t\t\n<p>En compliment del Reglament (UE) 2016\/679 del Parlament Europeu i del Consell, de 27 d&#8217;abril del 2016, relatiu a la protecci\u00f3 de les persones f\u00edsiques pel que fa al tractament de dades personals, pel qual es deroga la directiva 95 \/46\/CE (d&#8217;ara endavant, RGPD), de la Llei 34\/2002, d&#8217;11 de juliol, de serveis de la societat de la informaci\u00f3 i de comer\u00e7 electr\u00f2nic (d&#8217;ara endavant, LSSI-CE) i de la Llei org\u00e0nica 3\/ 2018, de Protecci\u00f3 de Dades Personals i garantia dels drets digitals, LA TERRASSA DE CAMPINS SL garanteix la protecci\u00f3 i confidencialitat de les dades personals, de qualsevol tipus que ens proporcionin els nostres clients, d&#8217;acord amb el que disposa el Reglament General de Protecci\u00f3 de Dades de Car\u00e0cter Personal.<\/p>\n<p>La Pol\u00edtica de Protecci\u00f3 de Dades de LA TERRASSA DE CAMPINS SL descansa en el principi de responsabilitat proactiva, segons el qual el Responsable del tractament \u00e9s responsable del compliment del marc normatiu i jurisprudencial, i \u00e9s capa\u00e7 de demostrar-ho davant de les autoritats de control corresponents.<\/p>\n<p>Les dades facilitades seran tractades en els termes establerts al RGPD; en aquest sentit, LA TERRASSA DE CAMPINS SL ha adoptat els nivells de protecci\u00f3 que legalment s&#8217;exigeixen, i ha instal\u00b7lat totes les mesures t\u00e8cniques al seu abast per evitar la p\u00e8rdua, el mal \u00fas, l&#8217;alteraci\u00f3, l&#8217;acc\u00e9s no autoritzat per tercers, exposats a continuaci\u00f3. Tot i aix\u00f2, l&#8217;usuari ha de ser conscient que les mesures de seguretat a Internet no s\u00f3n inexpugnables.<\/p>\n<p>Responsable del tractament: Qui som?<\/p>\n<p>Denominaci\u00f3: LA TERRASSA DE CAMPINS SL<\/p>\n<p>CIF: B61833091<\/p>\n<p>Direcci\u00f3: Ctra. de Sant Celoni a Santa Fe, km. 5,3, 08472, Campins, Barcelona<\/p>\n<p>Tel\u00e8fon: 938475329<\/p>\n<p>Correu electr\u00f2nic: laterrassadecampins@yahoo.es<\/p>\n<p>Finalitat del tractament: Per qu\u00e8 farem servir les vostres dades?<\/p>\n<p>Totes les dades facilitades pels nostres clients i\/o visitants a la web de LA TERRASSA DE CAMPINS SL o al seu personal, seran incloses en fitxers, automatitzats o no, creats i mantinguts sota la seva responsabilitat, imprescindibles per prestar els serveis sol\u00b7licitats pels usuaris, o per resoldre els dubtes o q\u00fcestions plantejades pels nostres visitants. La nostra pol\u00edtica \u00e9s no fer perfils sobre els usuaris dels nostres serveis.<\/p>\n<p>Legitimitat del tractament: Per qu\u00e8 necessitem les vostres dades?<\/p>\n<p>a) Relaci\u00f3 contractual: \u00c9s la que aplica quan compra un dels nostres productes o contracta algun dels nostres serveis.<\/p>\n<p>b) Inter\u00e8s leg\u00edtim: Per atendre les consultes i reclamacions que ens plantege i per gestionar el cobrament de les quantitats degudes.<\/p>\n<p>c) El seu consentiment: Si sou usuari de la nostra web, mitjan\u00e7ant la marcaci\u00f3 de la casella que figura al formulari de contacte, ens autoritzeu que us remetem les comunicacions necess\u00e0ries per donar resposta a la consulta o sol\u00b7licitud d&#8217;informaci\u00f3 plantejada.<\/p>\n<h6>Destinataris: Amb qui compartim les vostres dades?<\/h6>\n<p>No cedim les vostres dades personals a ning\u00fa, a excepci\u00f3 d&#8217;aquelles entitats p\u00fabliques o privades a les quals estiguem obligats a facilitar les vostres dades personals amb motiu del compliment d&#8217;alguna llei. Per posar un exemple, la Llei Tribut\u00e0ria obliga a facilitar a lAg\u00e8ncia Tribut\u00e0ria determinada informaci\u00f3 sobre operacions econ\u00f2miques que superin una determinada quantitat.<\/p>\n<p>En el cas que, al marge dels sup\u00f2sits comentats, necessitem donar a con\u00e8ixer la vostra informaci\u00f3 personal a altres entitats, us sol\u00b7licitarem pr\u00e8viament el vostre perm\u00eds a trav\u00e9s d&#8217;opcions clares que us permetran decidir sobre aix\u00f2.<\/p>\n<p>Ets aqu\u00ed : Comunicaci\u00f3: On podr\u00edem enviar les teves dades?<\/p>\n<p>No farem transfer\u00e8ncies internacionals de les vostres dades personals per a cap de les finalitats indicades.<\/p>\n<p>Conservaci\u00f3: Quant de temps mantindrem les teves dades?<\/p>\n<p>Nom\u00e9s conservarem les vostres dades personals durant el temps que resulti necessari per aconseguir les finalitats per a les quals van ser recollides. A l&#8217;hora de determinar el per\u00edode de conservaci\u00f3 oport\u00fa, examinem els riscos que comporta el tractament, aix\u00ed com les nostres obligacions contractuals, legals i normatives, les pol\u00edtiques internes de conservaci\u00f3 de dades i els nostres interessos de negoci leg\u00edtims descrits en aquest Av\u00eds de Privadesa i Pol\u00edtica de galetes.<\/p>\n<p>En aquest sentit, LA TERRASSA DE CAMPINS SL conservar\u00e0 les dades personals un cop acabada la seva relaci\u00f3 amb vost\u00e8, degudament bloquejades, durant el termini de prescripci\u00f3 de les accions que es puguin derivar de la relaci\u00f3 mantinguda amb l&#8217;interessat.<\/p>\n<p>Un cop bloquejades, les seves dades resultaran inaccessibles per a LA TERRASSA DE CAMPINS SL, i no seran tractades excepte per a la seva posada a disposici\u00f3 a les administracions p\u00fabliques, jutges i tribunals, per a l&#8217;atenci\u00f3 de les possibles responsabilitats nascudes dels tractaments, aix\u00ed com per al exercici i defensa de reclamacions davant de l&#8217;Ag\u00e8ncia Espanyola de Protecci\u00f3 de Dades.<\/p>\n<h6>Seguretat: Com protegirem les vostres dades?<\/h6>\n<p>Fem servir tots els esfor\u00e7os raonables per mantenir la confidencialitat de la informaci\u00f3 personal que es tracti en els nostres sistemes. Mantenim estrictes nivells de seguretat per protegir les dades de car\u00e0cter personal que processem davant de p\u00e8rdues fortu\u00eftes i accessos, tractaments o revelacions no autoritzats, tenint en compte l&#8217;estat de la tecnologia, la naturalesa i els riscos a qu\u00e8 estan exposades les dades. No obstant aix\u00f2, no podem responsabilitzar-nos de l&#8217;\u00fas que feu de les dades (incl\u00f2s usuari i contrasenya) que utilitzeu a la nostra web. El nostre personal segueix estrictes normes de privadesa i en el cas que contractem tercers per prestar serveis de suport, els exigim que acatin les mateixes normes i ens permetin auditar-los per verificar el seu compliment.<\/p>\n<h6>Els seus drets: Quins drets pot exercir com a interessat?<\/h6>\n<p>Us informem que podreu exercir els drets seg\u00fcents:<\/p>\n<p>a) Dret d&#8217;acc\u00e9s a les vostres dades personals, per saber quines estan sent objecte de tractament i les operacions de tractament dutes a terme amb elles;<\/p>\n<p>b) Dret de rectificaci\u00f3 de qualsevol dada personal inexacta;<\/p>\n<p>c) Dret de supressi\u00f3 de les dades personals, quan aix\u00f2 sigui possible (per exemple, per imperatiu legal);<\/p>\n<p>d) Dret de limitaci\u00f3 del tractament de les vostres dades personals quan l&#8217;exactitud, la legalitat o la necessitat del tractament de les dades resulti dubtosa, i en este cas, podrem conservar-les per a l&#8217;exercici o la defensa de reclamacions.<\/p>\n<p>e) Dret d&#8217;oposici\u00f3 al tractament de les vostres dades personals, quan la base legal que ens habiliti per al seu tractament de les indicades sigui el nostre inter\u00e8s leg\u00edtim. LA TERRASSA DE CAMPINS SL deixar\u00e0 de tractar les teves dades tret que tingui un inter\u00e8s leg\u00edtim o sigui necessari per a la defensa de reclamacions, quan sigui procedent aquest dret.<\/p>\n<p>f) Dret a la portabilitat de les vostres dades, quan la base legal que ens habiliti per al vostre tractament sigui l&#8217;exist\u00e8ncia d&#8217;una relaci\u00f3 contractual o el vostre consentiment.<\/p>\n<p>g) Dret a revocar el consentiment atorgat a LA TERRASSA DE CAMPINS SL.<\/p>\n<p>Per exercitar els vostres drets, podeu fer-ho de manera gratu\u00efta i en qualsevol moment, contactant amb nosaltres a la direcci\u00f3 Ctra. de Sant Celoni a Santa Fe, km. 5,3, 08472, Campins, Barcelona, o escrivint un correu a laterrassadecampins@yahoo.es, adjuntant sempre c\u00f2pia del DNI.<\/p>\n<h6>Tutela de drets: On pot fer una reclamaci\u00f3?<\/h6>\n<p>En cas que entengueu que els vostres drets han estat desatesos per la nostra entitat, podeu formular una reclamaci\u00f3 a l&#8217;Ag\u00e8ncia Espanyola de Protecci\u00f3 de Dades, a trav\u00e9s d&#8217;algun dels mitjans seg\u00fcents:<\/p>\n<p>.- Seu electr\u00f2nica: https:\/\/www.aepd.es<\/p>\n<p>.- Correu postal: Ag\u00e8ncia Espanyola de Protecci\u00f3 de Dades, C\/ Jorge Juan, 6, 28001, Madrid<\/p>\n<p>.- Tel\u00e8fon: 901.100.099 i 912.663.517<\/p>\n<p>Formular una reclamaci\u00f3 a l&#8217;Ag\u00e8ncia Espanyola de Protecci\u00f3 de Dades no comporta cap cost i no cal l&#8217;assist\u00e8ncia d&#8217;advocat ni procurador.<\/p>\n<h6>Actualitzacions: Quins canvis hi pot haver en aquesta Pol\u00edtica de Privadesa?<\/h6>\n<p>LA TERRASSA DE CAMPINS SL es reserva el dret a modificar aquesta pol\u00edtica per adaptar-la a novetats legislatives o jurisprudencials que puguin afectar-ne el compliment.<\/p>\n<p>Per tal de garantir el compliment de la normativa sobre protecci\u00f3 de dades de car\u00e0cter personal, LA TERRASSA DE CAMPINS SL ha rebut els serveis de consultoria i assessorament per part de ClickDatos.<\/p>\n\t\t\t\t\t\t\t\t<\/div>\n\t\t\t\t<\/div>\n\t\t\t\t\t<\/div>\n\t\t<\/div>\n\t\t\t\t\t<\/div>\n\t\t<\/section>\n\t\t\t\t<\/div>\n\t\t","protected":false},"excerpt":{"rendered":"<p>Pol\u00edtica de privadesa En compliment del Reglament (UE) 2016\/679 del Parlament Europeu i del Consell, de 27 d&#8217;abril del 2016, relatiu a la protecci\u00f3 de les persones f\u00edsiques pel que fa al tractament de dades personals, pel qual es deroga la directiva 95 \/46\/CE (d&#8217;ara endavant, RGPD), de la Llei 34\/2002, d&#8217;11 de juliol, de [&hellip;]<\/p>\n","protected":false},"author":1,"featured_media":0,"parent":0,"menu_order":0,"comment_status":"closed","ping_status":"open","template":"elementor_header_footer","meta":{"footnotes":""},"class_list":["post-2415","page","type-page","status-publish","hentry"],"_links":{"self":[{"href":"https:\/\/laterrassadecampins.com\/ca\/wp-json\/wp\/v2\/pages\/2415","targetHints":{"allow":["GET"]}}],"collection":[{"href":"https:\/\/laterrassadecampins.com\/ca\/wp-json\/wp\/v2\/pages"}],"about":[{"href":"https:\/\/laterrassadecampins.com\/ca\/wp-json\/wp\/v2\/types\/page"}],"author":[{"embeddable":true,"href":"https:\/\/laterrassadecampins.com\/ca\/wp-json\/wp\/v2\/users\/1"}],"replies":[{"embeddable":true,"href":"https:\/\/laterrassadecampins.com\/ca\/wp-json\/wp\/v2\/comments?post=2415"}],"version-history":[{"count":2,"href":"https:\/\/laterrassadecampins.com\/ca\/wp-json\/wp\/v2\/pages\/2415\/revisions"}],"predecessor-version":[{"id":2417,"href":"https:\/\/laterrassadecampins.com\/ca\/wp-json\/wp\/v2\/pages\/2415\/revisions\/2417"}],"wp:attachment":[{"href":"https:\/\/laterrassadecampins.com\/ca\/wp-json\/wp\/v2\/media?parent=2415"}],"curies":[{"name":"wp","href":"https:\/\/api.w.org\/{rel}","templated":true}]}}