{"id":2419,"date":"2023-02-08T12:43:12","date_gmt":"2023-02-08T12:43:12","guid":{"rendered":"https:\/\/laterrassadecampins.com\/politica-de-cookies\/"},"modified":"2023-02-27T10:42:54","modified_gmt":"2023-02-27T10:42:54","slug":"politica-de-cookies","status":"publish","type":"page","link":"https:\/\/laterrassadecampins.com\/ca\/politica-de-cookies\/","title":{"rendered":"Pol\u00edtica de Cookies"},"content":{"rendered":"\t\t<div data-elementor-type=\"wp-page\" data-elementor-id=\"2419\" class=\"elementor elementor-2419 elementor-484\" data-elementor-post-type=\"page\">\n\t\t\t\t\t\t<section class=\"elementor-section elementor-top-section elementor-element elementor-element-2d1d537 elementor-section-boxed elementor-section-height-default elementor-section-height-default\" data-id=\"2d1d537\" data-element_type=\"section\" data-e-type=\"section\">\n\t\t\t\t\t\t<div class=\"elementor-container elementor-column-gap-default\">\n\t\t\t\t\t<div class=\"elementor-column elementor-col-100 elementor-top-column elementor-element elementor-element-475a175\" data-id=\"475a175\" data-element_type=\"column\" data-e-type=\"column\">\n\t\t\t<div class=\"elementor-widget-wrap elementor-element-populated\">\n\t\t\t\t\t\t<div class=\"elementor-element elementor-element-a6cef23 elementor-widget elementor-widget-heading\" data-id=\"a6cef23\" data-element_type=\"widget\" data-e-type=\"widget\" data-widget_type=\"heading.default\">\n\t\t\t\t<div class=\"elementor-widget-container\">\n\t\t\t\t\t<h1 class=\"elementor-heading-title elementor-size-default\">Politica de Cookies<\/h1>\t\t\t\t<\/div>\n\t\t\t\t<\/div>\n\t\t\t\t\t<\/div>\n\t\t<\/div>\n\t\t\t\t\t<\/div>\n\t\t<\/section>\n\t\t\t\t<section class=\"elementor-section elementor-top-section elementor-element elementor-element-48d0efb2 elementor-section-boxed elementor-section-height-default elementor-section-height-default\" data-id=\"48d0efb2\" data-element_type=\"section\" data-e-type=\"section\">\n\t\t\t\t\t\t<div class=\"elementor-container elementor-column-gap-default\">\n\t\t\t\t\t<div class=\"elementor-column elementor-col-100 elementor-top-column elementor-element elementor-element-6627e5f6\" data-id=\"6627e5f6\" data-element_type=\"column\" data-e-type=\"column\">\n\t\t\t<div class=\"elementor-widget-wrap elementor-element-populated\">\n\t\t\t\t\t\t<div class=\"elementor-element elementor-element-5bafbd3c elementor-widget elementor-widget-text-editor\" data-id=\"5bafbd3c\" data-element_type=\"widget\" data-e-type=\"widget\" data-widget_type=\"text-editor.default\">\n\t\t\t\t<div class=\"elementor-widget-container\">\n\t\t\t\t\t\t\t\t\t\n<p>A la web http:\/\/www.laterrassadecampins.es\/ (d&#8217;ara endavant, el Lloc Web) utilitzem cookies per facilitar la relaci\u00f3 dels visitants amb el nostre contingut i per permetre elaborar estad\u00edstiques sobre les visitants que rebem.<\/p>\n<p>Us informem que podem utilitzar cookies amb la finalitat de facilitar la vostra navegaci\u00f3 a trav\u00e9s del Lloc Web, distingir-vos d&#8217;altres usuaris, proporcionar-vos una millor experi\u00e8ncia en l&#8217;\u00fas del mateix, i identificar problemes per millorar el nostre Lloc Web. Aix\u00ed mateix, en cas que presti el seu consentiment, utilitzarem galetes que ens permetin obtenir m\u00e9s informaci\u00f3 sobre les seves prefer\u00e8ncies i personalitzar el nostre Lloc Web de conformitat amb els seus interessos individuals.<\/p>\n<h6>Qu\u00e8 s\u00f3n les galetes?<\/h6>\n<p>S&#8217;anomenen cookies a uns petits fitxers que es graven al navegador utilitzat per cada visitant de la nostra web perqu\u00e8 el servidor pugui recordar la visita d&#8217;aquest usuari amb posterioritat quan torni a accedir als nostres continguts. Aquesta informaci\u00f3 no revela la seva identitat, ni dada personal, ni accedeix al contingut emmagatzemat al seu pc, per\u00f2 s\u00ed que permet al nostre sistema identificar-vos com un usuari determinat que ja va visitar la web amb anterioritat, va visualitzar determinades p\u00e0gines, etc. ia m\u00e9s permet guardar les seves prefer\u00e8ncies personals i informaci\u00f3 t\u00e8cnica com ara les visites realitzades o p\u00e0gines concretes que visiti.<\/p>\n<p>En compliment de la Directiva 2009\/136\/CE, desenvolupada en el nostre ordenament per l&#8217;apartat segon de l&#8217;article 22 de la Llei de Serveis de Societat de la Informaci\u00f3, seguint les directrius de l&#8217;Ag\u00e8ncia Espanyola de Protecci\u00f3 de Dades, us informarem detalladament del \u00fas que es realitza a la nostra web.<\/p>\n<p>Aquesta pol\u00edtica de cookies t\u00e9 per finalitat informar-vos de manera clara i precisa sobre les cookies que s&#8217;utilitzen al nostre Lloc Web (la \u201cPol\u00edtica de Cookies\u201d). Respecte de les cookies de tercers, \u00e9s a dir aquelles que s\u00f3n alienes al nostre lloc web, no podem fer-nos responsables del contingut i veracitat de les pol\u00edtiques de privadesa que ells inclouen pel que la informaci\u00f3 que us oferim \u00e9s sempre amb refer\u00e8ncia a la font.<\/p>\n<p>A continuaci\u00f3, es fa una classificaci\u00f3 de les cookies en funci\u00f3 d&#8217;una s\u00e8rie de categories. No obstant aix\u00f2, cal tenir en compte que una mateixa galeta pot estar inclosa en m\u00e9s d&#8217;una categoria.<\/p>\n<h6>Tipus de galetes segons l&#8217;entitat que les gestiona<\/h6>\n<p>&#8211; <strong>Cookies pr\u00f2pies:<\/strong> S\u00f3n aquelles que s&#8217;envien a l&#8217;equip terminal de l&#8217;usuari des d&#8217;un equip o domini gestionat pel mateix editor i des del qual es presta el servei sol\u00b7licitat per l&#8217;usuari.<\/p>\n<p>&#8211; <strong>Galetes de tercers:<\/strong> S\u00f3n aquelles que s&#8217;envien a l&#8217;equip terminal de l&#8217;usuari des d&#8217;un equip o domini que no \u00e9s gestionat per l&#8217;editor, sin\u00f3 per una altra entitat que tracta les dades<\/p>\n<h6>Tipus de cookies segons el termini de temps que romanen actives<\/h6>\n<p>&#8211; <strong>Cookies de sessi\u00f3:<\/strong> S\u00f3n un tipus de cookies dissenyades per demanar i emmagatzemar dades mentre l&#8217;usuari accedeix a una p\u00e0gina web.<\/p>\n<p>&#8211; <strong>Cookies persistents:<\/strong> S\u00f3n un tipus de cookies en qu\u00e8 les dades segueixen emmagatzemades al terminal i poden ser accedides i tractades durant un per\u00edode definit pel responsable de la galeta, i que pot anar d&#8217;uns minuts a diversos anys.<\/p>\n<h6>Tipus de cookies segons la finalitat<\/h6>\n<p>&#8211; <strong>Galetes t\u00e8cniques:<\/strong> Aquelles que permeten a l&#8217;usuari la navegaci\u00f3 a trav\u00e9s d&#8217;una p\u00e0gina web, plataforma o aplicaci\u00f3 i la utilitzaci\u00f3 de les diferents opcions o serveis que hi hagi com, per exemple, controlar el tr\u00e0nsit i la comunicaci\u00f3 de dades, identificar la sessi\u00f3, accedir a parts d&#8217;acc\u00e9s restringit, recordar els elements que integren una comanda, fer el proc\u00e9s de compra d&#8217;una comanda, fer la sol\u00b7licitud d&#8217;inscripci\u00f3 o participaci\u00f3 en un esdeveniment, utilitzar elements de seguretat durant la navegaci\u00f3, emmagatzemar continguts per a la difusi\u00f3 de v\u00eddeos o so o compartir continguts a trav\u00e9s de xarxes socials.<\/p>\n<p>&#8211; <strong>Cookies de personalitzaci\u00f3:<\/strong> S\u00f3n aquelles que permeten a l&#8217;usuari accedir al servei amb algunes caracter\u00edstiques de car\u00e0cter general predefinides en funci\u00f3 d&#8217;una s\u00e8rie de criteris al terminal de l&#8217;usuari com ara serien l&#8217;idioma, el tipus de navegador a trav\u00e9s del qual accedeix al servei, la configuraci\u00f3 regional des d&#8217;on accedix al servei, etc.<\/p>\n<p>&#8211; <strong>Cookies publicit\u00e0ries:<\/strong> S\u00f3n aquelles que permeten la gesti\u00f3, de la manera m\u00e9s efica\u00e7 possible, dels espais publicitaris que, si escau, l&#8217;editor hagi incl\u00f2s en una p\u00e0gina web, aplicaci\u00f3 o plataforma des de la qual presta el servei sol\u00b7licitat segons criteris com el contingut editat o la freq\u00fc\u00e8ncia en qu\u00e8 es mostren els anuncis.<\/p>\n<p>&#8211; <strong>Cookies de publicitat comportamental:<\/strong> S\u00f3n aquelles que permeten la gesti\u00f3, de la manera m\u00e9s efica\u00e7 possible, dels espais publicitaris que, si escau, l&#8217;editor hagi incl\u00f2s en una p\u00e0gina web, aplicaci\u00f3 o plataforma des de la qual presta el servei sol\u00b7licitat. Aquestes galetes emmagatzemen informaci\u00f3 del comportament dels usuaris obtinguda a trav\u00e9s de l&#8217;observaci\u00f3 continuada dels seus h\u00e0bits de navegaci\u00f3, cosa que permet desenvolupar un perfil espec\u00edfic per mostrar publicitat en funci\u00f3 del mateix.<\/p>\n<p>&#8211; <strong>Galetes d&#8217;an\u00e0lisi:<\/strong> S\u00f3n aquelles que permeten al responsable de les mateixes, el seguiment i l&#8217;an\u00e0lisi del comportament dels usuaris dels llocs web als quals estan vinculades. La informaci\u00f3 recollida mitjan\u00e7ant aquest tipus de cookies s&#8217;utilitza en el mesurament de l&#8217;activitat dels llocs web, aplicaci\u00f3 o plataforma i per a l&#8217;elaboraci\u00f3 de perfils de navegaci\u00f3 dels usuaris d&#8217;aquests llocs, aplicacions i plataformes, per introduir millores a funci\u00f3 de lan\u00e0lisi de les dades d\u00fas que fan els usuaris del servei.<\/p>\n<p>Respecto al tratamiento de datos recabados a trav\u00e9s de las cookies de an\u00e1lisis, a pesar de que no est\u00e1n exentas del deber de obtener un consentimiento informado para su uso, es poco probable que representen un riesgo para la privacidad de los usuarios siempre que se trate de cookies de primera parte, que traten datos agregados con una finalidad estrictamente estad\u00edstica, que se facilite informaci\u00f3n sobre sus uso y se incluya la posibilidad de que los usuarios manifiesten su negativa sobre su utilizaci\u00f3n.<\/p>\n<p>Actualment, la majoria dels navegadors estan configurats per defecte per bloquejar la instal\u00b7laci\u00f3 de cookies de publicitat o tercers al vostre equip. L&#8217;usuari pot ampliar les restriccions d&#8217;origen, impedint l&#8217;entrada de qualsevol tipus de galeta, o eliminar les restriccions esmentades, acceptant l&#8217;entrada de qualsevol tipus de galete Si esteu interessats en admetre cookies de publicitat o de tercers, podreu configurar el vostre navegador amb aquesta finalitat.<\/p>\n<p>L&#8217;acceptaci\u00f3 realitzada per l&#8217;usuari, fent clic al bot\u00f3 d&#8217;ACEPTAR mostrat a la informaci\u00f3 inicial sobre cookies, implica que est\u00e0 consentint expressament el responsable per a la seva utilitzaci\u00f3, podent exercir els seus drets i revocar el seu consentiment en qualsevol moment, a trav\u00e9s de sol\u00b7licitud a LA TERRASSA DE CAMPINS SL.<\/p>\n<p> <\/p>\n<h6>Quin tipus de galetes utilitza la web?<\/h6>\n<div class=\"table-2\">\n<table width=\"100%\">\n<thead>\n<tr>\n<th align=\"left\">Nom<\/th>\n<th align=\"left\">Domini<\/th>\n<th align=\"left\">Finalitat<\/th>\n<th align=\"left\">Venciment<\/th>\n<\/tr>\n<\/thead>\n<tbody>\n<tr>\n<td align=\"left\">1P_JAR<\/td>\n<td align=\"left\">.google.com<\/td>\n<td align=\"left\">Per personalitzar els anuncis segons els interessos de l&#8217;usuari.<\/td>\n<td align=\"left\">1 setmana<\/td>\n<\/tr>\n<tr>\n<td align=\"left\">ANID<\/td>\n<td align=\"left\">.google.com<\/td>\n<td align=\"left\">S\u00f3n utilitzades per Google per emmagatzemar les prefer\u00e8ncies de lusuari i la informaci\u00f3 durant la visualitzaci\u00f3 de les p\u00e0gines amb els mapes de Google en ells.<\/td>\n<td align=\"left\">2 anys<\/td>\n<\/tr>\n<tr>\n<td align=\"left\">NID<\/td>\n<td align=\"left\">.google.com<\/td>\n<td align=\"left\">Per al recompte, per part de Google, del n\u00famero dusuari que utilitzen els mapes.<\/td>\n<td align=\"left\">7 mesos<\/td>\n<\/tr>\n<tr>\n<td align=\"left\">_gat<\/td>\n<td align=\"left\">.laterrasadecampins.com<\/td>\n<td align=\"left\">Utilitzat per Google Analytics per controlar la taxa de peticions<\/td>\n<td align=\"left\">1 d\u00eda<\/td>\n<\/tr>\n<tr>\n<td align=\"left\">_ga<\/td>\n<td align=\"left\">.laterrasadecampins.com<\/td>\n<td align=\"left\">Registra una identificaci\u00f3 \u00fanica que es fa servir per generar dades estad\u00edstiques sobre com utilitza el visitant el lloc web.<\/td>\n<td align=\"left\">2 anys<\/td>\n<\/tr>\n<tr>\n<td align=\"left\">_gid<\/td>\n<td align=\"left\">.laterrasadecampins.com<\/td>\n<td align=\"left\">Registra una identificaci\u00f3 \u00fanica que es fa servir per generar dades estad\u00edstiques sobre com utilitza el visitant el lloc web.<\/td>\n<td align=\"left\">1 d\u00eda<\/td>\n<\/tr>\n<tr>\n<td align=\"left\">CONSENT<\/td>\n<td align=\"left\">.google.com<\/td>\n<td align=\"left\">Cookie t\u00e8cnica per controlar l&#8217;acceptaci\u00f3 de galetes.<\/td>\n<td align=\"left\">20 anys<\/td>\n<\/tr>\n<\/tbody>\n<\/table>\n<\/div>\n<h6>Com desactivar les galetes al vostre navegador?<\/h6>\n<p>L&#8217;usuari pot permetre, bloquejar o eliminar les cookies instal\u00b7lades al vostre equip mitjan\u00e7ant la configuraci\u00f3 de les opcions del navegador instal\u00b7lat al vostre ordinador. Llegiu atentament la secci\u00f3 d&#8217;ajuda del vostre navegador per con\u00e8ixer m\u00e9s sobre com activar el \u201cmode privat\u201d o desbloquejar determinades cookies.<\/p>\n<ul>\n<li>Informaci\u00f3 sobre cookies per a <a href=\"https:\/\/support.microsoft.com\/es-es\/help\/17442\/windows-internet-explorer-delete-manage-cookies\" target=\"_blank\" rel=\"nofollow noopener\">Internet Explorer.<\/a><\/li>\n<li>Informaci\u00f3 sobre galetes per a <a href=\"https:\/\/support.mozilla.org\/es\/kb\/habilitar-y-deshabilitar-cookies-que-los-sitios-we\" target=\"_blank\" rel=\"nofollow noopener\">Mozilla Firefox.<\/a><\/li>\n<li>Informaci\u00f3 sobre cookies per a <a href=\"http:\/\/help.opera.com\/Windows\/11.50\/es-ES\/cookies.html\" target=\"_blank\" rel=\"nofollow noopener\">Opera.<\/a><\/li>\n<li>Informaci\u00f3 sobre galetes per a <a href=\"https:\/\/support.google.com\/accounts\/answer\/61416?hl=es\" target=\"_blank\" rel=\"nofollow noopener\">Google Chrome.<\/a><\/li>\n<li>Informaci\u00f3 sobre cookies per a <a href=\"https:\/\/support.apple.com\/es-es\/HT201265\" target=\"_blank\" rel=\"nofollow noopener\">Safari.<\/a><\/li>\n<\/ul>\n<p> <\/p>\n\t\t\t\t\t\t\t\t<\/div>\n\t\t\t\t<\/div>\n\t\t\t\t\t<\/div>\n\t\t<\/div>\n\t\t\t\t\t<\/div>\n\t\t<\/section>\n\t\t\t\t<\/div>\n\t\t","protected":false},"excerpt":{"rendered":"<p>Politica de Cookies A la web http:\/\/www.laterrassadecampins.es\/ (d&#8217;ara endavant, el Lloc Web) utilitzem cookies per facilitar la relaci\u00f3 dels visitants amb el nostre contingut i per permetre elaborar estad\u00edstiques sobre les visitants que rebem. Us informem que podem utilitzar cookies amb la finalitat de facilitar la vostra navegaci\u00f3 a trav\u00e9s del Lloc Web, distingir-vos d&#8217;altres [&hellip;]<\/p>\n","protected":false},"author":2,"featured_media":0,"parent":0,"menu_order":0,"comment_status":"closed","ping_status":"open","template":"elementor_header_footer","meta":{"footnotes":""},"class_list":["post-2419","page","type-page","status-publish","hentry"],"_links":{"self":[{"href":"https:\/\/laterrassadecampins.com\/ca\/wp-json\/wp\/v2\/pages\/2419","targetHints":{"allow":["GET"]}}],"collection":[{"href":"https:\/\/laterrassadecampins.com\/ca\/wp-json\/wp\/v2\/pages"}],"about":[{"href":"https:\/\/laterrassadecampins.com\/ca\/wp-json\/wp\/v2\/types\/page"}],"author":[{"embeddable":true,"href":"https:\/\/laterrassadecampins.com\/ca\/wp-json\/wp\/v2\/users\/2"}],"replies":[{"embeddable":true,"href":"https:\/\/laterrassadecampins.com\/ca\/wp-json\/wp\/v2\/comments?post=2419"}],"version-history":[{"count":4,"href":"https:\/\/laterrassadecampins.com\/ca\/wp-json\/wp\/v2\/pages\/2419\/revisions"}],"predecessor-version":[{"id":2423,"href":"https:\/\/laterrassadecampins.com\/ca\/wp-json\/wp\/v2\/pages\/2419\/revisions\/2423"}],"wp:attachment":[{"href":"https:\/\/laterrassadecampins.com\/ca\/wp-json\/wp\/v2\/media?parent=2419"}],"curies":[{"name":"wp","href":"https:\/\/api.w.org\/{rel}","templated":true}]}}