{"id":2425,"date":"2023-02-17T09:39:54","date_gmt":"2023-02-17T09:39:54","guid":{"rendered":"https:\/\/laterrassadecampins.com\/accesibilidad\/"},"modified":"2023-02-27T10:48:25","modified_gmt":"2023-02-27T10:48:25","slug":"accesibilidad","status":"publish","type":"page","link":"https:\/\/laterrassadecampins.com\/ca\/accesibilidad\/","title":{"rendered":"Accessibilitat"},"content":{"rendered":"\t\t<div data-elementor-type=\"wp-page\" data-elementor-id=\"2425\" class=\"elementor elementor-2425 elementor-1086\" data-elementor-post-type=\"page\">\n\t\t\t\t\t\t<section class=\"elementor-section elementor-top-section elementor-element elementor-element-71e9e81 elementor-section-boxed elementor-section-height-default elementor-section-height-default\" data-id=\"71e9e81\" data-element_type=\"section\" data-e-type=\"section\">\n\t\t\t\t\t\t<div class=\"elementor-container elementor-column-gap-default\">\n\t\t\t\t\t<div class=\"elementor-column elementor-col-100 elementor-top-column elementor-element elementor-element-1a5ec14\" data-id=\"1a5ec14\" data-element_type=\"column\" data-e-type=\"column\">\n\t\t\t<div class=\"elementor-widget-wrap elementor-element-populated\">\n\t\t\t\t\t\t<div class=\"elementor-element elementor-element-6f71c7d elementor-widget elementor-widget-heading\" data-id=\"6f71c7d\" data-element_type=\"widget\" data-e-type=\"widget\" data-widget_type=\"heading.default\">\n\t\t\t\t<div class=\"elementor-widget-container\">\n\t\t\t\t\t<h1 class=\"elementor-heading-title elementor-size-default\">Accessibilitat<\/h1>\t\t\t\t<\/div>\n\t\t\t\t<\/div>\n\t\t\t\t\t<\/div>\n\t\t<\/div>\n\t\t\t\t\t<\/div>\n\t\t<\/section>\n\t\t\t\t<section class=\"elementor-section elementor-top-section elementor-element elementor-element-711d04b0 elementor-section-boxed elementor-section-height-default elementor-section-height-default\" data-id=\"711d04b0\" data-element_type=\"section\" data-e-type=\"section\">\n\t\t\t\t\t\t<div class=\"elementor-container elementor-column-gap-default\">\n\t\t\t\t\t<div class=\"elementor-column elementor-col-100 elementor-top-column elementor-element elementor-element-359f013f\" data-id=\"359f013f\" data-element_type=\"column\" data-e-type=\"column\">\n\t\t\t<div class=\"elementor-widget-wrap elementor-element-populated\">\n\t\t\t\t\t\t<div class=\"elementor-element elementor-element-3319b1f7 elementor-widget elementor-widget-text-editor\" data-id=\"3319b1f7\" data-element_type=\"widget\" data-e-type=\"widget\" data-widget_type=\"text-editor.default\">\n\t\t\t\t<div class=\"elementor-widget-container\">\n\t\t\t\t\t\t\t\t\t\n<h6>Introducci\u00f3 a l&#8217;accessibilitat del lloc web<\/h6>\n<p>El disseny i la producci\u00f3 d&#8217;aquesta p\u00e0gina web han estat concebuts pensant en l&#8217;accessibilitat, cosa que significa que algunes caracter\u00edstiques com els botons estan constru\u00efdes amb HTML\/CSS sense fer servir gr\u00e0fics o imatges.<\/p>\n<p>Aquest lloc web t\u00e9 per objecte complir les pautes del W3C (World Wide Web Consortium). Aquestes pautes es divideixen en diversos punts de control que, alhora, poden subdividir-se en tres prioritats: la prioritat 1 s&#8217;ha de complir obligat\u00f2riament, la prioritat 2 s&#8217;hauria de complir i la prioritat 3 conv\u00e9 que es compleixi, per tal d&#8217;obtenir qualsevol nivell de compliment. En funci\u00f3 del seu grau de conformitat, els llocs web poden classificar-se al nivell A (la qual cosa significa que es compleixen tots els punts de control pertanyents a la prioritat 1), el nivell AA (es compleixen tots els punts de la prioritat 2) i el nivell AAA (es compleixen tots els punts de control de la prioritat 3).<\/p>\n<p>Aquest lloc web est\u00e0 dissenyat i desenvolupat de manera que la majoria de les caracter\u00edstiques s&#8217;ajusten als nivells A i AA. Per a m\u00e9s informaci\u00f3, consulteu les Pautes d&#8217;Accessibilitat del W3C.<\/p>\n<h6>Les imatges de la web<\/h6>\n<p>Les imatges d&#8217;aquest lloc web s&#8217;han dotat d&#8217;atributs de text alternatiu, tamb\u00e9 conegut com a alt text, de manera que, quan s&#8217;usa una imatge en una p\u00e0gina, la imatge tamb\u00e9 es descriu al text alternatiu.<\/p>\n<p>Aix\u00f2 vol dir que la imatge pot ser compresa pels navegadors de text i altres tecnologies dassist\u00e8ncia, com els lectors de pantalla. Si una imatge s&#8217;usa amb finalitats merament decoratives, l&#8217;atribut de text per a aquesta imatge es deixar\u00e0 buit per tal de complir les millors pr\u00e0ctiques reconegudes.<\/p>\n<p>Sempre que ha estat possible, s&#8217;ha fet servir text interactiu en lloc de gr\u00e0fics per reduir el temps de desc\u00e0rrega d&#8217;imatges i augmentar el control sobre la mida del text.<\/p>\n<p>Com canviar la mida de font i compatibilitat amb el navegador<\/p>\n<p>Aquest lloc web fa servir mides de font que vost\u00e8 pot controlar a trav\u00e9s del seu navegador web. El disseny del lloc web ha estat creat per tal dadaptar-se a lample de qualsevol navegador; a m\u00e9s, podeu modificar la mida en funci\u00f3 de les vostres prefer\u00e8ncies de visualitzaci\u00f3.<\/p>\n<p>El lloc web ha estat sotm\u00e8s a proves de compatibilitat amb les darreres tres versions de iOS, Android, Google Chrome i Firefox.<\/p>\n<h6>Volem ajudar-lo<\/h6>\n<p>El nostre objectiu permanent \u00e9s complir amb els punts de control dels nivells de prioritat A, AA i, en la mesura que sigui possible, AAA, tal com s&#8217;estipulen a les Pautes d&#8217;Accessibilitat al Contingut al Web del W3C. Aquest lloc web tamb\u00e9 \u00e9s testat peri\u00f2dicament mitjan\u00e7ant una combinaci\u00f3 d&#8217;eines automatitzades i de testeig manual.<\/p>\n\t\t\t\t\t\t\t\t<\/div>\n\t\t\t\t<\/div>\n\t\t\t\t\t<\/div>\n\t\t<\/div>\n\t\t\t\t\t<\/div>\n\t\t<\/section>\n\t\t\t\t<\/div>\n\t\t","protected":false},"excerpt":{"rendered":"<p>Accessibilitat Introducci\u00f3 a l&#8217;accessibilitat del lloc web El disseny i la producci\u00f3 d&#8217;aquesta p\u00e0gina web han estat concebuts pensant en l&#8217;accessibilitat, cosa que significa que algunes caracter\u00edstiques com els botons estan constru\u00efdes amb HTML\/CSS sense fer servir gr\u00e0fics o imatges. Aquest lloc web t\u00e9 per objecte complir les pautes del W3C (World Wide Web Consortium). [&hellip;]<\/p>\n","protected":false},"author":2,"featured_media":0,"parent":0,"menu_order":0,"comment_status":"closed","ping_status":"open","template":"elementor_header_footer","meta":{"footnotes":""},"class_list":["post-2425","page","type-page","status-publish","hentry"],"_links":{"self":[{"href":"https:\/\/laterrassadecampins.com\/ca\/wp-json\/wp\/v2\/pages\/2425","targetHints":{"allow":["GET"]}}],"collection":[{"href":"https:\/\/laterrassadecampins.com\/ca\/wp-json\/wp\/v2\/pages"}],"about":[{"href":"https:\/\/laterrassadecampins.com\/ca\/wp-json\/wp\/v2\/types\/page"}],"author":[{"embeddable":true,"href":"https:\/\/laterrassadecampins.com\/ca\/wp-json\/wp\/v2\/users\/2"}],"replies":[{"embeddable":true,"href":"https:\/\/laterrassadecampins.com\/ca\/wp-json\/wp\/v2\/comments?post=2425"}],"version-history":[{"count":4,"href":"https:\/\/laterrassadecampins.com\/ca\/wp-json\/wp\/v2\/pages\/2425\/revisions"}],"predecessor-version":[{"id":2429,"href":"https:\/\/laterrassadecampins.com\/ca\/wp-json\/wp\/v2\/pages\/2425\/revisions\/2429"}],"wp:attachment":[{"href":"https:\/\/laterrassadecampins.com\/ca\/wp-json\/wp\/v2\/media?parent=2425"}],"curies":[{"name":"wp","href":"https:\/\/api.w.org\/{rel}","templated":true}]}}