{"id":3133,"date":"2023-03-10T09:53:43","date_gmt":"2023-03-10T09:53:43","guid":{"rendered":"https:\/\/laterrassadecampins.com\/carta-vinos\/"},"modified":"2023-03-10T16:23:26","modified_gmt":"2023-03-10T16:23:26","slug":"carta-vinos","status":"publish","type":"page","link":"https:\/\/laterrassadecampins.com\/ca\/carta-vinos\/","title":{"rendered":"Carta Vins"},"content":{"rendered":"\t\t<div data-elementor-type=\"wp-page\" data-elementor-id=\"3133\" class=\"elementor elementor-3133 elementor-3112\" data-elementor-post-type=\"page\">\n\t\t\t\t\t\t<section class=\"elementor-section elementor-top-section elementor-element elementor-element-a693790 elementor-section-full_width elementor-section-height-min-height elementor-section-height-default elementor-section-items-middle\" data-id=\"a693790\" data-element_type=\"section\" data-e-type=\"section\" data-settings=\"{&quot;background_background&quot;:&quot;classic&quot;}\">\n\t\t\t\t\t\t\t<div class=\"elementor-background-overlay\"><\/div>\n\t\t\t\t\t\t\t<div class=\"elementor-container elementor-column-gap-default\">\n\t\t\t\t\t<div class=\"elementor-column elementor-col-100 elementor-top-column elementor-element elementor-element-f31b2a1\" data-id=\"f31b2a1\" data-element_type=\"column\" data-e-type=\"column\">\n\t\t\t<div class=\"elementor-widget-wrap elementor-element-populated\">\n\t\t\t\t\t\t<div class=\"elementor-element elementor-element-321b54c elementor-widget elementor-widget-heading\" data-id=\"321b54c\" data-element_type=\"widget\" data-e-type=\"widget\" data-widget_type=\"heading.default\">\n\t\t\t\t<div class=\"elementor-widget-container\">\n\t\t\t\t\t<h2 class=\"elementor-heading-title elementor-size-default\">Els nostres Vins<\/h2>\t\t\t\t<\/div>\n\t\t\t\t<\/div>\n\t\t\t\t\t<\/div>\n\t\t<\/div>\n\t\t\t\t\t<\/div>\n\t\t<\/section>\n\t\t\t\t<section class=\"elementor-section elementor-top-section elementor-element elementor-element-b3a27aa elementor-section-boxed elementor-section-height-default elementor-section-height-default\" data-id=\"b3a27aa\" data-element_type=\"section\" data-e-type=\"section\">\n\t\t\t\t\t\t<div class=\"elementor-container elementor-column-gap-default\">\n\t\t\t\t\t<div class=\"elementor-column elementor-col-100 elementor-top-column elementor-element elementor-element-6606470\" data-id=\"6606470\" data-element_type=\"column\" data-e-type=\"column\">\n\t\t\t<div class=\"elementor-widget-wrap elementor-element-populated\">\n\t\t\t\t\t\t<div class=\"elementor-element elementor-element-72e00b5 elementor-widget elementor-widget-heading\" data-id=\"72e00b5\" data-element_type=\"widget\" data-e-type=\"widget\" data-widget_type=\"heading.default\">\n\t\t\t\t<div class=\"elementor-widget-container\">\n\t\t\t\t\t<h2 class=\"elementor-heading-title elementor-size-default\">El maridatge perfecte per als nostres plats<\/h2>\t\t\t\t<\/div>\n\t\t\t\t<\/div>\n\t\t\t\t\t<\/div>\n\t\t<\/div>\n\t\t\t\t\t<\/div>\n\t\t<\/section>\n\t\t\t\t<section class=\"elementor-section elementor-top-section elementor-element elementor-element-a1bb843 elementor-section-boxed elementor-section-height-default elementor-section-height-default\" data-id=\"a1bb843\" data-element_type=\"section\" data-e-type=\"section\">\n\t\t\t\t\t\t<div class=\"elementor-container elementor-column-gap-default\">\n\t\t\t\t\t<div class=\"elementor-column elementor-col-100 elementor-top-column elementor-element elementor-element-d1d58c1\" data-id=\"d1d58c1\" data-element_type=\"column\" data-e-type=\"column\">\n\t\t\t<div class=\"elementor-widget-wrap elementor-element-populated\">\n\t\t\t\t\t\t<div class=\"elementor-element elementor-element-572cc75 elementor-widget elementor-widget-text-editor\" data-id=\"572cc75\" data-element_type=\"widget\" data-e-type=\"widget\" data-widget_type=\"text-editor.default\">\n\t\t\t\t<div class=\"elementor-widget-container\">\n\t\t\t\t\t\t\t\t\t<p>Comptem amb una extensa i cuidada selecci\u00f3 de vins, que hem elaborat tractant que els nostres clients trobin sempre l&#8217;acompanyament ideal pels nostres plats.<\/p>\n<p>Des de les refer\u00e8ncies m\u00e9s cl\u00e0ssiques fins als vins i caves m\u00e9s innovadors, a La Terrassa del Campins trobar\u00e0s m\u00e9s de 100 possibilitats diferents de gaudir dels millors vins de les regions m\u00e9s diverses, dignes dels paladars m\u00e9s exigents.<\/p>\n<p>A m\u00e9s, disposem d&#8217;una selecci\u00f3 de vins procedents d&#8217;agricultura ecol\u00f2gica i biodin\u00e0mica.<\/p>\n<p>Vine a gaudir d\u00b4una experi\u00e8ncia \u00fanica amb nosaltres que et sorprendr\u00e0. T\u2019esperem.<\/p>\n\t\t\t\t\t\t\t\t<\/div>\n\t\t\t\t<\/div>\n\t\t\t\t\t<\/div>\n\t\t<\/div>\n\t\t\t\t\t<\/div>\n\t\t<\/section>\n\t\t\t\t<section class=\"elementor-section elementor-top-section elementor-element elementor-element-894bb8b elementor-section-boxed elementor-section-height-default elementor-section-height-default\" data-id=\"894bb8b\" data-element_type=\"section\" data-e-type=\"section\">\n\t\t\t\t\t\t<div class=\"elementor-container elementor-column-gap-default\">\n\t\t\t\t\t<div class=\"elementor-column elementor-col-100 elementor-top-column elementor-element elementor-element-7263a78\" data-id=\"7263a78\" data-element_type=\"column\" data-e-type=\"column\">\n\t\t\t<div class=\"elementor-widget-wrap elementor-element-populated\">\n\t\t\t\t\t\t<div class=\"elementor-element elementor-element-7b8cf6f elementor-widget elementor-widget-template\" data-id=\"7b8cf6f\" data-element_type=\"widget\" data-e-type=\"widget\" data-widget_type=\"template.default\">\n\t\t\t\t<div class=\"elementor-widget-container\">\n\t\t\t\t\t\t\t<div class=\"elementor-template\">\n\t\t\t\t\t<div data-elementor-type=\"section\" data-elementor-id=\"2270\" class=\"elementor elementor-2270 elementor-2137\" data-elementor-post-type=\"elementor_library\">\n\t\t\t\t\t<section class=\"elementor-section elementor-top-section elementor-element elementor-element-50de4d7a elementor-hidden-mobile elementor-section-boxed elementor-section-height-default elementor-section-height-default\" data-id=\"50de4d7a\" data-element_type=\"section\" data-e-type=\"section\" data-settings=\"{&quot;motion_fx_motion_fx_scrolling&quot;:&quot;yes&quot;,&quot;motion_fx_translateY_effect&quot;:&quot;yes&quot;,&quot;motion_fx_translateY_direction&quot;:&quot;negative&quot;,&quot;motion_fx_translateY_speed&quot;:{&quot;unit&quot;:&quot;px&quot;,&quot;size&quot;:&quot;1&quot;,&quot;sizes&quot;:[]},&quot;motion_fx_translateY_affectedRange&quot;:{&quot;unit&quot;:&quot;%&quot;,&quot;size&quot;:&quot;&quot;,&quot;sizes&quot;:{&quot;start&quot;:0,&quot;end&quot;:100}},&quot;motion_fx_devices&quot;:[&quot;desktop&quot;,&quot;tablet&quot;,&quot;mobile&quot;]}\">\n\t\t\t\t\t\t<div class=\"elementor-container elementor-column-gap-default\">\n\t\t\t\t\t<div class=\"elementor-column elementor-col-33 elementor-top-column elementor-element elementor-element-2b512672\" data-id=\"2b512672\" data-element_type=\"column\" data-e-type=\"column\">\n\t\t\t<div class=\"elementor-widget-wrap elementor-element-populated\">\n\t\t\t\t\t\t<div class=\"elementor-element elementor-element-5a5c9617 elementor-widget elementor-widget-text-editor\" data-id=\"5a5c9617\" data-element_type=\"widget\" data-e-type=\"widget\" data-widget_type=\"text-editor.default\">\n\t\t\t\t<div class=\"elementor-widget-container\">\n\t\t\t\t\t\t\t\t\t<p><a href=\"tel: +34 938475329\"><img decoding=\"async\" class=\"alignnone size-full wp-image-33\" src=\"https:\/\/laterrassadecampins.com\/wp-content\/uploads\/2023\/02\/OPENING-HOURS-icon.svg\" alt=\"\" width=\"60\" height=\"60\" \/><\/a><\/p><p><strong>HORARIOS<\/strong><\/p><p>Lunes y martes no festivos: cerrado<br \/>Mi\u00e9rcoles, jueves, viernes y domingos: 9:00 &#8211; 17:00 h<br \/>S\u00e1bados: 9:00 &#8211; 17:00 h y 20:00 &#8211; 23:00 h<\/p>\t\t\t\t\t\t\t\t<\/div>\n\t\t\t\t<\/div>\n\t\t\t\t\t<\/div>\n\t\t<\/div>\n\t\t\t\t<div class=\"elementor-column elementor-col-33 elementor-top-column elementor-element elementor-element-7614afba\" data-id=\"7614afba\" data-element_type=\"column\" data-e-type=\"column\">\n\t\t\t<div class=\"elementor-widget-wrap elementor-element-populated\">\n\t\t\t\t\t\t<div class=\"elementor-element elementor-element-7c3a7461 elementor-widget__width-initial elementor-widget elementor-widget-text-editor\" data-id=\"7c3a7461\" data-element_type=\"widget\" data-e-type=\"widget\" data-widget_type=\"text-editor.default\">\n\t\t\t\t<div class=\"elementor-widget-container\">\n\t\t\t\t\t\t\t\t\t<p><a href=\"tel: +34 938475329\"><img decoding=\"async\" class=\"alignnone size-full wp-image-34\" src=\"https:\/\/laterrassadecampins.com\/wp-content\/uploads\/2023\/02\/Phone-icon.svg\" alt=\"\" width=\"59\" height=\"59\" \/><\/a><\/p><p><a href=\"tel: +34 938475329\"><strong>LL\u00c1MANOS<\/strong><\/a><\/p><p><a href=\"tel: +34 938475329\">938 475 329<\/a><\/p><p><a href=\"tel: +34 646973982\">646 973 982<\/a><\/p>\t\t\t\t\t\t\t\t<\/div>\n\t\t\t\t<\/div>\n\t\t\t\t\t<\/div>\n\t\t<\/div>\n\t\t\t\t<div class=\"elementor-column elementor-col-33 elementor-top-column elementor-element elementor-element-2d54060c\" data-id=\"2d54060c\" data-element_type=\"column\" data-e-type=\"column\">\n\t\t\t<div class=\"elementor-widget-wrap elementor-element-populated\">\n\t\t\t\t\t\t<div class=\"elementor-element elementor-element-6336c277 elementor-widget__width-initial elementor-widget elementor-widget-text-editor\" data-id=\"6336c277\" data-element_type=\"widget\" data-e-type=\"widget\" data-widget_type=\"text-editor.default\">\n\t\t\t\t<div class=\"elementor-widget-container\">\n\t\t\t\t\t\t\t\t\t<p><img decoding=\"async\" class=\"alignnone size-full wp-image-35\" src=\"https:\/\/laterrassadecampins.com\/wp-content\/uploads\/2023\/02\/ADDRESS-icon.svg\" alt=\"\" width=\"41\" height=\"59\" \/><\/p><p><strong>DIRECCI\u00d3N<\/strong><\/p><p>Carretera Sant Celoni-Santa F\u00e9, Km 5,3 08472 Campins Barcelona<\/p>\t\t\t\t\t\t\t\t<\/div>\n\t\t\t\t<\/div>\n\t\t\t\t\t<\/div>\n\t\t<\/div>\n\t\t\t\t\t<\/div>\n\t\t<\/section>\n\t\t\t\t<section class=\"elementor-section elementor-top-section elementor-element elementor-element-74408df elementor-hidden-desktop elementor-hidden-tablet elementor-section-boxed elementor-section-height-default elementor-section-height-default\" data-id=\"74408df\" data-element_type=\"section\" data-e-type=\"section\" data-settings=\"{&quot;motion_fx_motion_fx_scrolling&quot;:&quot;yes&quot;,&quot;motion_fx_translateY_effect&quot;:&quot;yes&quot;,&quot;motion_fx_translateY_direction&quot;:&quot;negative&quot;,&quot;motion_fx_translateY_speed&quot;:{&quot;unit&quot;:&quot;px&quot;,&quot;size&quot;:&quot;1&quot;,&quot;sizes&quot;:[]},&quot;motion_fx_translateY_affectedRange&quot;:{&quot;unit&quot;:&quot;%&quot;,&quot;size&quot;:&quot;&quot;,&quot;sizes&quot;:{&quot;start&quot;:0,&quot;end&quot;:100}},&quot;motion_fx_devices&quot;:[&quot;desktop&quot;,&quot;tablet&quot;,&quot;mobile&quot;]}\">\n\t\t\t\t\t\t<div class=\"elementor-container elementor-column-gap-default\">\n\t\t\t\t\t<div class=\"elementor-column elementor-col-33 elementor-top-column elementor-element elementor-element-9cc9d14\" data-id=\"9cc9d14\" data-element_type=\"column\" data-e-type=\"column\">\n\t\t\t<div class=\"elementor-widget-wrap elementor-element-populated\">\n\t\t\t\t\t\t<div class=\"elementor-element elementor-element-5fd3356 elementor-widget elementor-widget-text-editor\" data-id=\"5fd3356\" data-element_type=\"widget\" data-e-type=\"widget\" data-widget_type=\"text-editor.default\">\n\t\t\t\t<div class=\"elementor-widget-container\">\n\t\t\t\t\t\t\t\t\t<p><a href=\"tel: +34 938475329\"><img loading=\"lazy\" decoding=\"async\" class=\"alignnone size-full wp-image-33 aligncenter\" src=\"https:\/\/laterrassadecampins.com\/wp-content\/uploads\/2023\/02\/OPENING-HOURS-icon.svg\" alt=\"\" width=\"60\" height=\"60\" \/><\/a><\/p><p style=\"text-align: center;\"><strong>HORARIOS<\/strong><\/p><p style=\"text-align: center;\">Lunes y martes no festivos: cerrado<br \/>Mi\u00e9rcoles, jueves, viernes y domingos: 9:00 &#8211; 17:00 h<br \/>S\u00e1bados: 9:00 &#8211; 17:00 h y 20:00 &#8211; 23:00 h<\/p>\t\t\t\t\t\t\t\t<\/div>\n\t\t\t\t<\/div>\n\t\t\t\t\t<\/div>\n\t\t<\/div>\n\t\t\t\t<div class=\"elementor-column elementor-col-33 elementor-top-column elementor-element elementor-element-38d1bff\" data-id=\"38d1bff\" data-element_type=\"column\" data-e-type=\"column\">\n\t\t\t<div class=\"elementor-widget-wrap elementor-element-populated\">\n\t\t\t\t\t\t<div class=\"elementor-element elementor-element-2621ec8 elementor-widget elementor-widget-text-editor\" data-id=\"2621ec8\" data-element_type=\"widget\" data-e-type=\"widget\" data-widget_type=\"text-editor.default\">\n\t\t\t\t<div class=\"elementor-widget-container\">\n\t\t\t\t\t\t\t\t\t<p><a href=\"tel: +34 938475329\"><img loading=\"lazy\" decoding=\"async\" class=\"alignnone size-full wp-image-34 aligncenter\" src=\"https:\/\/laterrassadecampins.com\/wp-content\/uploads\/2023\/02\/Phone-icon.svg\" alt=\"\" width=\"59\" height=\"59\" \/><\/a><\/p><p style=\"text-align: center;\"><a href=\"tel: +34 938475329\"><strong>LL\u00c1MANOS<\/strong><\/a><\/p><p style=\"text-align: center;\"><a href=\"tel: +34 938475329\">938 475 329<\/a><br \/><a href=\"tel: +34 646973982\">646 973 982<\/a><\/p>\t\t\t\t\t\t\t\t<\/div>\n\t\t\t\t<\/div>\n\t\t\t\t\t<\/div>\n\t\t<\/div>\n\t\t\t\t<div class=\"elementor-column elementor-col-33 elementor-top-column elementor-element elementor-element-b75d8f5\" data-id=\"b75d8f5\" data-element_type=\"column\" data-e-type=\"column\">\n\t\t\t<div class=\"elementor-widget-wrap elementor-element-populated\">\n\t\t\t\t\t\t<div class=\"elementor-element elementor-element-ff4f0cd elementor-widget elementor-widget-text-editor\" data-id=\"ff4f0cd\" data-element_type=\"widget\" data-e-type=\"widget\" data-widget_type=\"text-editor.default\">\n\t\t\t\t<div class=\"elementor-widget-container\">\n\t\t\t\t\t\t\t\t\t<p><img loading=\"lazy\" decoding=\"async\" class=\"alignnone size-full wp-image-35 aligncenter\" src=\"https:\/\/laterrassadecampins.com\/wp-content\/uploads\/2023\/02\/ADDRESS-icon.svg\" alt=\"\" width=\"41\" height=\"59\" \/><\/p><p style=\"text-align: center;\"><strong>DIRECCI\u00d3N<\/strong><\/p><p style=\"text-align: center;\">Carretera Sant Celoni-Santa F\u00e9, Km 5,3 08472<br \/>Campins Barcelona<\/p>\t\t\t\t\t\t\t\t<\/div>\n\t\t\t\t<\/div>\n\t\t\t\t\t<\/div>\n\t\t<\/div>\n\t\t\t\t\t<\/div>\n\t\t<\/section>\n\t\t\t\t<\/div>\n\t\t\t\t<\/div>\n\t\t\t\t\t\t<\/div>\n\t\t\t\t<\/div>\n\t\t\t\t\t<\/div>\n\t\t<\/div>\n\t\t\t\t\t<\/div>\n\t\t<\/section>\n\t\t\t\t<\/div>\n\t\t","protected":false},"excerpt":{"rendered":"<p>Els nostres Vins El maridatge perfecte per als nostres plats Comptem amb una extensa i cuidada selecci\u00f3 de vins, que hem elaborat tractant que els nostres clients trobin sempre l&#8217;acompanyament ideal pels nostres plats. Des de les refer\u00e8ncies m\u00e9s cl\u00e0ssiques fins als vins i caves m\u00e9s innovadors, a La Terrassa del Campins trobar\u00e0s m\u00e9s de [&hellip;]<\/p>\n","protected":false},"author":1,"featured_media":0,"parent":0,"menu_order":0,"comment_status":"closed","ping_status":"closed","template":"elementor_header_footer","meta":{"footnotes":""},"class_list":["post-3133","page","type-page","status-publish","hentry"],"_links":{"self":[{"href":"https:\/\/laterrassadecampins.com\/ca\/wp-json\/wp\/v2\/pages\/3133","targetHints":{"allow":["GET"]}}],"collection":[{"href":"https:\/\/laterrassadecampins.com\/ca\/wp-json\/wp\/v2\/pages"}],"about":[{"href":"https:\/\/laterrassadecampins.com\/ca\/wp-json\/wp\/v2\/types\/page"}],"author":[{"embeddable":true,"href":"https:\/\/laterrassadecampins.com\/ca\/wp-json\/wp\/v2\/users\/1"}],"replies":[{"embeddable":true,"href":"https:\/\/laterrassadecampins.com\/ca\/wp-json\/wp\/v2\/comments?post=3133"}],"version-history":[{"count":3,"href":"https:\/\/laterrassadecampins.com\/ca\/wp-json\/wp\/v2\/pages\/3133\/revisions"}],"predecessor-version":[{"id":3136,"href":"https:\/\/laterrassadecampins.com\/ca\/wp-json\/wp\/v2\/pages\/3133\/revisions\/3136"}],"wp:attachment":[{"href":"https:\/\/laterrassadecampins.com\/ca\/wp-json\/wp\/v2\/media?parent=3133"}],"curies":[{"name":"wp","href":"https:\/\/api.w.org\/{rel}","templated":true}]}}